{"id":14,"date":"2021-10-15T09:47:22","date_gmt":"2021-10-15T07:47:22","guid":{"rendered":"http:\/\/przeglady.emarbis.pl\/?page_id=14"},"modified":"2021-10-19T12:22:41","modified_gmt":"2021-10-19T10:22:41","slug":"kontakt","status":"publish","type":"page","link":"http:\/\/przeglady.emarbis.pl\/?page_id=14","title":{"rendered":"Telebim"},"content":{"rendered":"\n<h5 class=\"wp-block-heading\"><strong>W 2011 roku uruchomili\u015bmy telebim LED celem wy\u015bwietlania film\u00f3w reklamowych. Oferujemy mo\u017cliwo\u015b\u0107 umieszczenia dowolnej gotowej reklamy w formie animacji lub statycznego obrazu informacyjnego na naszym ekranie.&nbsp;<\/strong><\/h5>\n\n\n\n<h5 class=\"wp-block-heading\">Ekran<\/h5>\n\n\n\n<h6 class=\"wp-block-heading\">LED P-20 VIRTUAL 10 O WYMIARZE 7,37 M<\/h6>\n\n\n\n<h6 class=\"wp-block-heading\">ROZDZIELCZO\u015a\u0106 TELEBIMU 385X193<\/h6>\n\n\n\n<h6 class=\"wp-block-heading\">AKCEPTOWALNE PLIKI FILM\u00d3W REKLAMOWYCH-.SWF, .AVI, .MPG<\/h6>\n\n\n\n<h6 class=\"wp-block-heading\">FORMATY OBRAZK\u00d3W-.JPG, .BMP, .GIF<\/h6>\n\n\n\n<h6 class=\"wp-block-heading\">TELEBIM PRACUJE W GODZINACH 7;00-20;00 7 DNI W TYGODNIU<\/h6>\n\n\n\n<h3 class=\"wp-block-heading\">Zapraszam do kontaktu pod tel. 523824418<\/h3>\n\n\n\n<h6 class=\"wp-block-heading\">E-MAIL: przglady@emarbis.pl<\/h6>\n\n\n\n<h5 class=\"wp-block-heading\">Prosz\u0119 dzwoni\u0107 w godzinach: Pon-PT<\/h5>\n\n\n\n<h5 class=\"wp-block-heading\">8;00-16;00<\/h5>\n\n\n\n<h2 class=\"wp-block-heading\">&nbsp; &nbsp; &nbsp; &nbsp; &nbsp; &nbsp; &nbsp; &nbsp;Promocja!!<\/h2>\n\n\n\n<h3 class=\"wp-block-heading\">Tylko 50 z\u0142 netto za umieszczenie reklamy na telebimie na ca\u0142y miesi\u0105c<\/h3>\n\n\n\n<p><\/p>\n","protected":false},"excerpt":{"rendered":"<p>W 2011 roku uruchomili\u015bmy telebim LED celem wy\u015bwietlania film\u00f3w reklamowych. Oferujemy mo\u017cliwo\u015b\u0107 umieszczenia dowolnej gotowej reklamy w formie animacji lub statycznego obrazu informacyjnego na naszym ekranie.&nbsp; Ekran LED P-20 VIRTUAL 10 O WYMIARZE 7,37 M ROZDZIELCZO\u015a\u0106 TELEBIMU 385X193 AKCEPTOWALNE PLIKI FILM\u00d3W REKLAMOWYCH-.SWF, .AVI, .MPG FORMATY OBRAZK\u00d3W-.JPG, .BMP, .GIF TELEBIM PRACUJE W GODZINACH 7;00-20;00 7 DNI [&hellip;]<\/p>\n","protected":false},"author":1,"featured_media":160,"parent":0,"menu_order":0,"comment_status":"closed","ping_status":"closed","template":"","meta":{"footnotes":""},"class_list":["post-14","page","type-page","status-publish","has-post-thumbnail","hentry"],"_links":{"self":[{"href":"http:\/\/przeglady.emarbis.pl\/index.php?rest_route=\/wp\/v2\/pages\/14","targetHints":{"allow":["GET"]}}],"collection":[{"href":"http:\/\/przeglady.emarbis.pl\/index.php?rest_route=\/wp\/v2\/pages"}],"about":[{"href":"http:\/\/przeglady.emarbis.pl\/index.php?rest_route=\/wp\/v2\/types\/page"}],"author":[{"embeddable":true,"href":"http:\/\/przeglady.emarbis.pl\/index.php?rest_route=\/wp\/v2\/users\/1"}],"replies":[{"embeddable":true,"href":"http:\/\/przeglady.emarbis.pl\/index.php?rest_route=%2Fwp%2Fv2%2Fcomments&post=14"}],"version-history":[{"count":4,"href":"http:\/\/przeglady.emarbis.pl\/index.php?rest_route=\/wp\/v2\/pages\/14\/revisions"}],"predecessor-version":[{"id":175,"href":"http:\/\/przeglady.emarbis.pl\/index.php?rest_route=\/wp\/v2\/pages\/14\/revisions\/175"}],"wp:featuredmedia":[{"embeddable":true,"href":"http:\/\/przeglady.emarbis.pl\/index.php?rest_route=\/wp\/v2\/media\/160"}],"wp:attachment":[{"href":"http:\/\/przeglady.emarbis.pl\/index.php?rest_route=%2Fwp%2Fv2%2Fmedia&parent=14"}],"curies":[{"name":"wp","href":"https:\/\/api.w.org\/{rel}","templated":true}]}}