{"id":18,"date":"2021-10-15T09:47:22","date_gmt":"2021-10-15T07:47:22","guid":{"rendered":"http:\/\/przeglady.emarbis.pl\/?page_id=18"},"modified":"2021-10-19T12:22:07","modified_gmt":"2021-10-19T10:22:07","slug":"nowe-muzeum-sztuki-nowoczesnej-otwarlo-swoje-powoje","status":"publish","type":"page","link":"http:\/\/przeglady.emarbis.pl\/","title":{"rendered":"Okr\u0119gowa stacja kontroli pojazd\u00f3w"},"content":{"rendered":"\t\t<div data-elementor-type=\"wp-page\" data-elementor-id=\"18\" class=\"elementor elementor-18\" data-elementor-settings=\"[]\">\n\t\t\t\t\t\t\t<div class=\"elementor-section-wrap\">\n\t\t\t\t\t\t\t<section class=\"elementor-section elementor-top-section elementor-element elementor-element-8c40dd0 elementor-section-boxed elementor-section-height-default elementor-section-height-default\" data-id=\"8c40dd0\" data-element_type=\"section\">\n\t\t\t\t\t\t<div class=\"elementor-container elementor-column-gap-default\">\n\t\t\t\t\t<div class=\"elementor-column elementor-col-100 elementor-top-column elementor-element elementor-element-57095bc\" data-id=\"57095bc\" data-element_type=\"column\">\n\t\t\t<div class=\"elementor-widget-wrap elementor-element-populated\">\n\t\t\t\t\t\t\t\t<div class=\"elementor-element elementor-element-7e98154 elementor-position-top elementor-vertical-align-top elementor-widget elementor-widget-image-box\" data-id=\"7e98154\" data-element_type=\"widget\" data-widget_type=\"image-box.default\">\n\t\t\t\t<div class=\"elementor-widget-container\">\n\t\t\t<div class=\"elementor-image-box-wrapper\"><figure class=\"elementor-image-box-img\"><img loading=\"lazy\" decoding=\"async\" width=\"2048\" height=\"1375\" src=\"http:\/\/przeglady.emarbis.pl\/wp-content\/uploads\/2021\/10\/DSC_0081-2048x1375.jpg\" class=\"attachment-2048x2048 size-2048x2048\" alt=\"\" \/><\/figure><div class=\"elementor-image-box-content\"><h3 class=\"elementor-image-box-title\">Okr\u0119gowa stacja kontroli pojazd\u00f3w<\/h3><\/div><\/div>\t\t<\/div>\n\t\t\t\t<\/div>\n\t\t\t\t<div class=\"elementor-element elementor-element-ec84478 elementor-align-center elementor-widget elementor-widget-button\" data-id=\"ec84478\" data-element_type=\"widget\" data-widget_type=\"button.default\">\n\t\t\t\t<div class=\"elementor-widget-container\">\n\t\t\t\t\t<div class=\"elementor-button-wrapper\">\n\t\t\t<a href=\"http:\/\/przeglady.emarbis.pl\/?page_id=13\" class=\"elementor-button-link elementor-button elementor-size-lg\" role=\"button\">\n\t\t\t\t\t\t<span class=\"elementor-button-content-wrapper\">\n\t\t\t\t\t\t<span class=\"elementor-button-text\">Kliknij tutaj<\/span>\n\t\t<\/span>\n\t\t\t\t\t<\/a>\n\t\t<\/div>\n\t\t\t\t<\/div>\n\t\t\t\t<\/div>\n\t\t\t\t<div class=\"elementor-element elementor-element-fe97c1b elementor-widget elementor-widget-text-editor\" data-id=\"fe97c1b\" data-element_type=\"widget\" data-widget_type=\"text-editor.default\">\n\t\t\t\t<div class=\"elementor-widget-container\">\n\t\t\t\t\t\t\t<p class=\"western\" align=\"left\"><span style=\"color: #0000ff;\"><span style=\"color: #000000;\"><span style=\"font-family: Times New Roman, serif;\"><span style=\"font-size: large;\">Jeste\u015bmy na rynku od 2011 roku, a nasz zesp\u00f3\u0142 tworz\u0105 <\/span><\/span><\/span><\/span><span style=\"color: #000000;\"><span style=\"font-family: Times New Roman, serif;\"><span style=\"font-size: large;\">do\u015bwiadczeni i zaanga\u017cowani diagno\u015bci, kt\u00f3rzy posiadaj\u0105 odpowiednie uprawnienia <\/span><\/span><\/span><span style=\"color: #0000ff;\"><span style=\"color: #000000;\"><span style=\"font-family: Times New Roman, serif;\"><span style=\"font-size: large;\">do przeprowadzania bada\u0144 technicznych.<\/span><\/span><\/span><\/span><\/p><p class=\"western\" align=\"left\"><span style=\"color: #0000ff;\"><span style=\"color: #000000;\"><span style=\"font-family: Times New Roman, serif;\"><span style=\"font-size: large;\">Wybieraj\u0105c Nasz\u0105 Stacj\u0119, masz pewno\u015b\u0107, \u017ce badanie Twojego pojazdu przeprowadzimy rzetelnie, wykorzystuj\u0105c do tego<\/span><\/span><\/span><\/span><span style=\"color: #000000;\"><span style=\"font-family: Times New Roman, serif;\"><span style=\"font-size: large;\"> profesjonalny sprz\u0119t diagnostyczny<\/span><\/span><\/span><span style=\"color: #0000ff;\"><span style=\"color: #000000;\"><span style=\"font-family: Times New Roman, serif;\"><span style=\"font-size: large;\">.<\/span><\/span><\/span><\/span><\/p><p class=\"western\"><span style=\"color: #000000;\"><span style=\"font-family: Times New Roman, serif;\"><span style=\"font-size: large;\">Zakres \u015bwiadczonych us\u0142ug przez OSKP :<\/span><\/span><\/span><\/p><p class=\"western\"><span style=\"color: #000000;\">\u2013 <span style=\"font-family: Times New Roman, serif;\"><span style=\"font-size: large;\">okresowe badania techniczne &#8211; motocykli, motorower\u00f3w, sam. osobowych, sam. ci\u0119\u017carowych, ci\u0105gnik\u00f3w rolniczych, autobus\u00f3w, przyczep, naczep,<\/span><\/span><\/span><\/p><p class=\"western\"><span style=\"color: #000000;\"><span style=\"font-family: Times New Roman, serif;\"><span style=\"font-size: large;\">pojazd\u00f3w zabytkowych, taxi, pojazd\u00f3w uprzywilejowanych, pojazd\u00f3w<\/span><\/span><\/span><\/p><p class=\"western\"><span style=\"color: #000000;\"><span style=\"font-family: Times New Roman, serif;\"><span style=\"font-size: large;\">przewo\u017c\u0105cych materia\u0142y niebezpieczne, pojazd\u00f3w przeznaczonych do nauki<\/span><\/span><\/span><\/p><p class=\"western\"><span style=\"color: #000000;\"><span style=\"font-family: Times New Roman, serif;\"><span style=\"font-size: large;\">jazdy.<\/span><\/span><\/span><\/p><p class=\"western\"><span style=\"color: #000000;\">\u2013 <span style=\"font-family: Times New Roman, serif;\"><span style=\"font-size: large;\">dodatkowe badania techniczne pojazd\u00f3w z instalacj\u0105 gazow\u0105 LPG,<\/span><\/span><\/span><\/p><p class=\"western\"><span style=\"color: #000000;\">\u2013 <span style=\"font-family: Times New Roman, serif;\"><span style=\"font-size: large;\">pierwsze badania pojazd\u00f3w sprowadzonych z zagranicy,<\/span><\/span><\/span><\/p><p class=\"western\"><span style=\"color: #000000;\">\u2013 <span style=\"font-family: Times New Roman, serif;\"><span style=\"font-size: large;\">pojazd\u00f3w z zatrzymanym dowodem rejestracyjnym przez policj\u0119 podczas<\/span><\/span><\/span><\/p><p class=\"western\"><span style=\"color: #000000;\"><span style=\"font-family: Times New Roman, serif;\"><span style=\"font-size: large;\">kolizji drogowej,<\/span><\/span><\/span><\/p><p class=\"western\"><span style=\"color: #000000;\">\u2013 <span style=\"font-family: Times New Roman, serif;\"><span style=\"font-size: large;\">ustalanie nieznanych danych technicznych pojazdu ze skierowania wydzia\u0142u<\/span><\/span><\/span><\/p><p class=\"western\"><span style=\"color: #000000;\"><span style=\"font-family: Times New Roman, serif;\"><span style=\"font-size: large;\">komunikacji lub na wniosek w\u0142a\u015bciciela.<\/span><\/span><\/span><\/p><p class=\"western\"><span style=\"color: #000000;\"><span style=\"font-family: Times New Roman, serif;\"><span style=\"font-size: large;\">Dodatkowo oferujemy:<\/span><\/span><\/span><\/p><p class=\"western\"><span style=\"color: #000000;\">\u2013 <span style=\"font-family: Times New Roman, serif;\"><span style=\"font-size: large;\">ustawienie i pomiar \u015bwiate\u0142 drogowych i mijania,<\/span><\/span><\/span><\/p><p class=\"western\"><span style=\"color: #000000;\">\u2013 <span style=\"font-family: Times New Roman, serif;\"><span style=\"font-size: large;\">sprawdzenie dzia\u0142ania amortyzator\u00f3w 2 osi,<\/span><\/span><\/span><\/p><p class=\"western\"><span style=\"color: #000000;\">\u2013 <span style=\"font-family: Times New Roman, serif;\"><span style=\"font-size: large;\">sprawdzenie si\u0142 hamowania k\u00f3\u0142 1 osi, <\/span><\/span><\/span><\/p><p class=\"western\"><span style=\"color: #000000;\">\u2013 <span style=\"font-family: Times New Roman, serif;\"><span style=\"font-size: large;\">analiza spalin, <\/span><\/span><\/span><\/p><p class=\"western\"><span style=\"color: #000000;\">\u2013 <span style=\"font-family: Times New Roman, serif;\"><span style=\"font-size: large;\">sprawdzenie zawieszenia 1 osi pojazd\u00f3w: osobowych, ci\u0119\u017carowych do 9 t dmc, ci\u0119\u017carowych powy\u017cej 9 t dmc<\/span><\/span><\/span><\/p><p class=\"western\"><span style=\"color: #000000;\">\u2013<span style=\"font-family: Times New Roman, serif;\"><span style=\"font-size: large;\">ocena stanu technicznego pojazd\u00f3w: do 3,5 t dmc, ci\u0119\u017carowych do 9t dmc, ci\u0119\u017carowych powy\u017cej 9t dmc, autobus\u00f3w powy\u017cej 3,5 t dmc.<\/span><\/span><\/span><\/p><p class=\"western\"><span style=\"color: #000000;\"><span style=\"font-family: Times New Roman, serif;\"><span style=\"font-size: large;\">Mi\u0142a i fachowa obs\u0142uga! <\/span><\/span><\/span><\/p><p class=\"western\" align=\"center\"><a name=\"_GoBack\"><\/a> <span style=\"font-family: Times New Roman, serif;\"><span style=\"font-size: x-large;\">ZAPRASZAMY!<\/span><\/span><\/p>\t\t\t\t\t\t<\/div>\n\t\t\t\t<\/div>\n\t\t\t\t\t<\/div>\n\t\t<\/div>\n\t\t\t\t\t\t\t<\/div>\n\t\t<\/section>\n\t\t\t\t<section class=\"elementor-section elementor-top-section elementor-element elementor-element-44dc0c0 elementor-section-boxed elementor-section-height-default elementor-section-height-default\" data-id=\"44dc0c0\" data-element_type=\"section\">\n\t\t\t\t\t\t<div class=\"elementor-container elementor-column-gap-default\">\n\t\t\t\t\t<div class=\"elementor-column elementor-col-100 elementor-top-column elementor-element elementor-element-6986763\" data-id=\"6986763\" data-element_type=\"column\">\n\t\t\t<div class=\"elementor-widget-wrap elementor-element-populated\">\n\t\t\t\t\t\t\t\t<div class=\"elementor-element elementor-element-468122d elementor-position-top elementor-vertical-align-top elementor-widget elementor-widget-image-box\" data-id=\"468122d\" data-element_type=\"widget\" data-widget_type=\"image-box.default\">\n\t\t\t\t<div class=\"elementor-widget-container\">\n\t\t\t<div class=\"elementor-image-box-wrapper\"><figure class=\"elementor-image-box-img\"><img loading=\"lazy\" decoding=\"async\" width=\"1803\" height=\"1934\" src=\"http:\/\/przeglady.emarbis.pl\/wp-content\/uploads\/2021\/10\/DSC_0078-2.jpg\" class=\"attachment-full size-full\" alt=\"\" \/><\/figure><div class=\"elementor-image-box-content\"><h3 class=\"elementor-image-box-title\">Myjnia<\/h3><p class=\"elementor-image-box-description\">.<\/p><\/div><\/div>\t\t<\/div>\n\t\t\t\t<\/div>\n\t\t\t\t<div class=\"elementor-element elementor-element-feaa65a elementor-align-center elementor-widget elementor-widget-button\" data-id=\"feaa65a\" data-element_type=\"widget\" data-widget_type=\"button.default\">\n\t\t\t\t<div class=\"elementor-widget-container\">\n\t\t\t\t\t<div class=\"elementor-button-wrapper\">\n\t\t\t<a href=\"http:\/\/przeglady.emarbis.pl\/?page_id=15\" class=\"elementor-button-link elementor-button elementor-size-lg\" role=\"button\">\n\t\t\t\t\t\t<span class=\"elementor-button-content-wrapper\">\n\t\t\t\t\t\t<span class=\"elementor-button-text\">Kliknij tutaj<\/span>\n\t\t<\/span>\n\t\t\t\t\t<\/a>\n\t\t<\/div>\n\t\t\t\t<\/div>\n\t\t\t\t<\/div>\n\t\t\t\t\t<\/div>\n\t\t<\/div>\n\t\t\t\t\t\t\t<\/div>\n\t\t<\/section>\n\t\t\t\t<section class=\"elementor-section elementor-top-section elementor-element elementor-element-2001f18 elementor-section-boxed elementor-section-height-default elementor-section-height-default\" data-id=\"2001f18\" data-element_type=\"section\">\n\t\t\t\t\t\t<div class=\"elementor-container elementor-column-gap-default\">\n\t\t\t\t\t<div class=\"elementor-column elementor-col-100 elementor-top-column elementor-element elementor-element-66e117c\" data-id=\"66e117c\" data-element_type=\"column\">\n\t\t\t<div class=\"elementor-widget-wrap elementor-element-populated\">\n\t\t\t\t\t\t\t\t<div class=\"elementor-element elementor-element-fa98617 elementor-position-top elementor-vertical-align-top elementor-widget elementor-widget-image-box\" data-id=\"fa98617\" data-element_type=\"widget\" data-widget_type=\"image-box.default\">\n\t\t\t\t<div class=\"elementor-widget-container\">\n\t\t\t<div class=\"elementor-image-box-wrapper\"><figure class=\"elementor-image-box-img\"><img loading=\"lazy\" decoding=\"async\" width=\"2560\" height=\"1707\" src=\"http:\/\/przeglady.emarbis.pl\/wp-content\/uploads\/2021\/10\/telebim-scaled.jpg\" class=\"attachment-full size-full\" alt=\"\" \/><\/figure><div class=\"elementor-image-box-content\"><h3 class=\"elementor-image-box-title\">Telebim<\/h3><\/div><\/div>\t\t<\/div>\n\t\t\t\t<\/div>\n\t\t\t\t<div class=\"elementor-element elementor-element-00e4b13 elementor-align-center elementor-widget elementor-widget-button\" data-id=\"00e4b13\" data-element_type=\"widget\" data-widget_type=\"button.default\">\n\t\t\t\t<div class=\"elementor-widget-container\">\n\t\t\t\t\t<div class=\"elementor-button-wrapper\">\n\t\t\t<a href=\"http:\/\/przeglady.emarbis.pl\/?page_id=14\" class=\"elementor-button-link elementor-button elementor-size-lg\" role=\"button\">\n\t\t\t\t\t\t<span class=\"elementor-button-content-wrapper\">\n\t\t\t\t\t\t<span class=\"elementor-button-text\">Kliknij tutaj<\/span>\n\t\t<\/span>\n\t\t\t\t\t<\/a>\n\t\t<\/div>\n\t\t\t\t<\/div>\n\t\t\t\t<\/div>\n\t\t\t\t<div class=\"elementor-element elementor-element-a70ded8 elementor-widget elementor-widget-text-editor\" data-id=\"a70ded8\" data-element_type=\"widget\" data-widget_type=\"text-editor.default\">\n\t\t\t\t<div class=\"elementor-widget-container\">\n\t\t\t\t\t\t\t<h5><strong>W 2011 roku uruchomili\u015bmy telebim LED celem wy\u015bwietlania film\u00f3w reklamowych. Oferujemy mo\u017cliwo\u015b\u0107 umieszczenia dowolnej gotowej reklamy w formie animacji lub statycznego obrazu informacyjnego na naszym ekranie.\u00a0<\/strong><\/h5><h5>Ekran<\/h5><h6>LED P-20 Virtual 10 o wymiarze 7,37 m<\/h6><h6>Rozdzielczo\u015b\u0107 telebimu 385&#215;193<\/h6><h6>Akceptowalne pliki film\u00f3w reklamowych-.swf, .avi, .mpg<\/h6><h6>Formaty obrazk\u00f3w-.jpg, .bmp, .gif<\/h6><h6>Telebim pracuje w godzinach 7;00-20;00 7 dni w tygodniu<\/h6><h3>Zapraszam do kontaktu pod tel. 523824418<\/h3><h6>E-mail: przeglady@emarbis.pl<\/h6><h5>Prosz\u0119 dzwoni\u0107 w godzinach: Pon-PT<\/h5><h5>8;00-16;00<\/h5><h2>\u00a0 \u00a0 \u00a0 \u00a0 \u00a0 \u00a0 \u00a0 \u00a0Promocja!!<\/h2><h3>Tylko 50 z\u0142 netto za umieszczenie reklamy na telebimie na ca\u0142y miesi\u0105c<\/h3>\t\t\t\t\t\t<\/div>\n\t\t\t\t<\/div>\n\t\t\t\t\t<\/div>\n\t\t<\/div>\n\t\t\t\t\t\t\t<\/div>\n\t\t<\/section>\n\t\t\t\t\t\t<\/div>\n\t\t\t\t\t<\/div>\n\t\t","protected":false},"excerpt":{"rendered":"<p>Okr\u0119gowa stacja kontroli pojazd\u00f3w Kliknij tutaj Jeste\u015bmy na rynku od 2011 roku, a nasz zesp\u00f3\u0142 tworz\u0105 do\u015bwiadczeni i zaanga\u017cowani diagno\u015bci, kt\u00f3rzy posiadaj\u0105 odpowiednie uprawnienia do przeprowadzania bada\u0144 technicznych. Wybieraj\u0105c Nasz\u0105 Stacj\u0119, masz pewno\u015b\u0107, \u017ce badanie Twojego pojazdu przeprowadzimy rzetelnie, wykorzystuj\u0105c do tego profesjonalny sprz\u0119t diagnostyczny. Zakres \u015bwiadczonych us\u0142ug przez OSKP : \u2013 okresowe badania techniczne [&hellip;]<\/p>\n","protected":false},"author":1,"featured_media":84,"parent":0,"menu_order":0,"comment_status":"closed","ping_status":"closed","template":"","meta":{"footnotes":""},"class_list":["post-18","page","type-page","status-publish","has-post-thumbnail","hentry"],"_links":{"self":[{"href":"http:\/\/przeglady.emarbis.pl\/index.php?rest_route=\/wp\/v2\/pages\/18","targetHints":{"allow":["GET"]}}],"collection":[{"href":"http:\/\/przeglady.emarbis.pl\/index.php?rest_route=\/wp\/v2\/pages"}],"about":[{"href":"http:\/\/przeglady.emarbis.pl\/index.php?rest_route=\/wp\/v2\/types\/page"}],"author":[{"embeddable":true,"href":"http:\/\/przeglady.emarbis.pl\/index.php?rest_route=\/wp\/v2\/users\/1"}],"replies":[{"embeddable":true,"href":"http:\/\/przeglady.emarbis.pl\/index.php?rest_route=%2Fwp%2Fv2%2Fcomments&post=18"}],"version-history":[{"count":57,"href":"http:\/\/przeglady.emarbis.pl\/index.php?rest_route=\/wp\/v2\/pages\/18\/revisions"}],"predecessor-version":[{"id":174,"href":"http:\/\/przeglady.emarbis.pl\/index.php?rest_route=\/wp\/v2\/pages\/18\/revisions\/174"}],"wp:featuredmedia":[{"embeddable":true,"href":"http:\/\/przeglady.emarbis.pl\/index.php?rest_route=\/wp\/v2\/media\/84"}],"wp:attachment":[{"href":"http:\/\/przeglady.emarbis.pl\/index.php?rest_route=%2Fwp%2Fv2%2Fmedia&parent=18"}],"curies":[{"name":"wp","href":"https:\/\/api.w.org\/{rel}","templated":true}]}}